{"id":55,"date":"2024-02-20T12:56:52","date_gmt":"2024-02-20T11:56:52","guid":{"rendered":"https:\/\/new.softtenis.cz\/?page_id=55"},"modified":"2024-11-02T21:04:45","modified_gmt":"2024-11-02T20:04:45","slug":"co_je_softtenis","status":"publish","type":"page","link":"https:\/\/www.softtenis.cz\/index.php\/co_je_softtenis\/","title":{"rendered":"Co je softtenis?"},"content":{"rendered":"\t\t<div data-elementor-type=\"wp-page\" data-elementor-id=\"55\" class=\"elementor elementor-55\">\n\t\t\t\t\t\t<section class=\"elementor-section elementor-top-section elementor-element elementor-element-4a7bcb3 elementor-section-full_width animated-fast elementor-section-height-default elementor-section-height-default elementor-invisible\" data-id=\"4a7bcb3\" data-element_type=\"section\" data-settings=\"{&quot;background_background&quot;:&quot;classic&quot;,&quot;animation&quot;:&quot;fadeIn&quot;,&quot;animation_delay&quot;:0}\">\n\t\t\t\t\t\t\t<div class=\"elementor-background-overlay\"><\/div>\n\t\t\t\t\t\t\t<div class=\"elementor-container elementor-column-gap-default\">\n\t\t\t\t\t<div class=\"elementor-column elementor-col-100 elementor-top-column elementor-element elementor-element-9643dfd\" data-id=\"9643dfd\" data-element_type=\"column\" data-settings=\"{&quot;background_background&quot;:&quot;classic&quot;}\">\n\t\t\t<div class=\"elementor-widget-wrap\">\n\t\t\t\t\t\t\t<\/div>\n\t\t<\/div>\n\t\t\t\t\t<\/div>\n\t\t<\/section>\n\t\t\t\t<section class=\"elementor-section elementor-top-section elementor-element elementor-element-1eedd7e animated-slow elementor-section-boxed elementor-section-height-default elementor-section-height-default elementor-invisible\" data-id=\"1eedd7e\" data-element_type=\"section\" data-settings=\"{&quot;background_background&quot;:&quot;classic&quot;,&quot;animation&quot;:&quot;fadeIn&quot;,&quot;animation_delay&quot;:0}\">\n\t\t\t\t\t\t<div class=\"elementor-container elementor-column-gap-default\">\n\t\t\t\t\t<div class=\"elementor-column elementor-col-100 elementor-top-column elementor-element elementor-element-fb54172\" data-id=\"fb54172\" data-element_type=\"column\" data-settings=\"{&quot;background_background&quot;:&quot;classic&quot;}\">\n\t\t\t<div class=\"elementor-widget-wrap elementor-element-populated\">\n\t\t\t\t\t\t<section class=\"elementor-section elementor-inner-section elementor-element elementor-element-e4e5870 elementor-section-boxed elementor-section-height-default elementor-section-height-default\" data-id=\"e4e5870\" data-element_type=\"section\">\n\t\t\t\t\t\t<div class=\"elementor-container elementor-column-gap-default\">\n\t\t\t\t\t<div class=\"elementor-column elementor-col-100 elementor-inner-column elementor-element elementor-element-7aa0a1c\" data-id=\"7aa0a1c\" data-element_type=\"column\">\n\t\t\t<div class=\"elementor-widget-wrap elementor-element-populated\">\n\t\t\t\t\t\t<div class=\"elementor-element elementor-element-f9e2e50 elementor-widget elementor-widget-heading\" data-id=\"f9e2e50\" data-element_type=\"widget\" data-widget_type=\"heading.default\">\n\t\t\t\t<div class=\"elementor-widget-container\">\n\t\t\t<style>\/*! elementor - v3.20.0 - 20-03-2024 *\/\n.elementor-heading-title{padding:0;margin:0;line-height:1}.elementor-widget-heading .elementor-heading-title[class*=elementor-size-]>a{color:inherit;font-size:inherit;line-height:inherit}.elementor-widget-heading .elementor-heading-title.elementor-size-small{font-size:15px}.elementor-widget-heading .elementor-heading-title.elementor-size-medium{font-size:19px}.elementor-widget-heading .elementor-heading-title.elementor-size-large{font-size:29px}.elementor-widget-heading .elementor-heading-title.elementor-size-xl{font-size:39px}.elementor-widget-heading .elementor-heading-title.elementor-size-xxl{font-size:59px}<\/style><h2 class=\"elementor-heading-title elementor-size-default\">Co je softtenis?<\/h2>\t\t<\/div>\n\t\t\t\t<\/div>\n\t\t\t\t\t<\/div>\n\t\t<\/div>\n\t\t\t\t\t<\/div>\n\t\t<\/section>\n\t\t\t\t\t<\/div>\n\t\t<\/div>\n\t\t\t\t\t<\/div>\n\t\t<\/section>\n\t\t\t\t<section class=\"elementor-section elementor-top-section elementor-element elementor-element-d726914 animated-slow elementor-section-boxed elementor-section-height-default elementor-section-height-default elementor-invisible\" data-id=\"d726914\" data-element_type=\"section\" data-settings=\"{&quot;animation&quot;:&quot;fadeIn&quot;}\">\n\t\t\t\t\t\t<div class=\"elementor-container elementor-column-gap-default\">\n\t\t\t\t\t<div class=\"elementor-column elementor-col-100 elementor-top-column elementor-element elementor-element-b9af80f\" data-id=\"b9af80f\" data-element_type=\"column\">\n\t\t\t<div class=\"elementor-widget-wrap elementor-element-populated\">\n\t\t\t\t\t\t<div class=\"elementor-element elementor-element-4836569 elementor-widget elementor-widget-text-editor\" data-id=\"4836569\" data-element_type=\"widget\" data-widget_type=\"text-editor.default\">\n\t\t\t\t<div class=\"elementor-widget-container\">\n\t\t\t<style>\/*! elementor - v3.20.0 - 20-03-2024 *\/\n.elementor-widget-text-editor.elementor-drop-cap-view-stacked .elementor-drop-cap{background-color:#69727d;color:#fff}.elementor-widget-text-editor.elementor-drop-cap-view-framed .elementor-drop-cap{color:#69727d;border:3px solid;background-color:transparent}.elementor-widget-text-editor:not(.elementor-drop-cap-view-default) .elementor-drop-cap{margin-top:8px}.elementor-widget-text-editor:not(.elementor-drop-cap-view-default) .elementor-drop-cap-letter{width:1em;height:1em}.elementor-widget-text-editor .elementor-drop-cap{float:left;text-align:center;line-height:1;font-size:50px}.elementor-widget-text-editor .elementor-drop-cap-letter{display:inline-block}<\/style>\t\t\t\t<p>Softtenis, sport s&nbsp;ko\u0159eny sahaj\u00edc\u00edmi a\u017e do roku 1884 v&nbsp;Japonsku, si d\u00edky sv\u00fdm jedine\u010dn\u00fdm vlastnostem a&nbsp;snadn\u00e9 dostupnosti st\u00e1le z\u00edsk\u00e1v\u00e1 pozornost po cel\u00e9m sv\u011bt\u011b. A\u010dkoliv sd\u00edl\u00ed rysy s&nbsp;tradi\u010dn\u00edm tenisem, softtenis p\u0159in\u00e1\u0161\u00ed vlastn\u00ed specifika, kter\u00e9 jej \u010din\u00ed atraktivn\u00edm pro hr\u00e1\u010de v\u0161ech v\u011bkov\u00fdch skupin a&nbsp;dovednostn\u00edch \u00farovn\u00ed.<\/p><p>Sport se vyzna\u010duje kombinac\u00ed tradice a&nbsp;inovace, co\u017e z&nbsp;n\u011bj \u010din\u00ed jedine\u010dnou a&nbsp;p\u0159\u00edstupnou alternativu b\u011b\u017en\u00e9ho tenisu. D\u00edky flexibiln\u00edmu hern\u00edmu stylu a&nbsp;rostouc\u00ed mezin\u00e1rodn\u00ed popularit\u011b je softtenis p\u0159ipraven oslovit hr\u00e1\u010de i&nbsp;fanou\u0161ky mnoha generac\u00ed. Neust\u00e1l\u00fd v\u00fdvoj a&nbsp;adaptace na m\u011bn\u00edc\u00ed se podm\u00ednky sv\u011bd\u010d\u00ed o&nbsp;jeho nad\u010dasov\u00e9m kouzlu a&nbsp;univerz\u00e1ln\u00ed p\u0159ita\u017elivosti.<\/p>\t\t\t\t\t\t<\/div>\n\t\t\t\t<\/div>\n\t\t\t\t<div class=\"elementor-element elementor-element-01ab434 elementor-widget elementor-widget-text-editor\" data-id=\"01ab434\" data-element_type=\"widget\" data-widget_type=\"text-editor.default\">\n\t\t\t\t<div class=\"elementor-widget-container\">\n\t\t\t\t\t\t\t<h4>P\u016fvod<\/h4><p>Softtenis vznikl v&nbsp;Japonsku v&nbsp;roce 1884 a&nbsp;od t\u00e9 doby si z\u00edskal popularitu nejen v&nbsp;t\u00e9to zemi, ale tak\u00e9 v&nbsp;Koreji, na Tchaj-wanu a&nbsp;v&nbsp;dal\u0161\u00edch m\u00edstech. K&nbsp;jeho p\u0159ita\u017elivosti p\u0159isp\u011bla m\u00edrn\u00e1 k\u0159ivka u\u010den\u00ed a&nbsp;p\u0159izp\u016fsobiv\u00fd hern\u00ed styl, kter\u00fd p\u0159itahuje hr\u00e1\u010de z&nbsp;r\u016fzn\u00fdch prost\u0159ed\u00ed po cel\u00e9m sv\u011bt\u011b. Tento sport si na\u0161el nad\u0161ence ve v\u00edce ne\u017e dvou des\u00edtk\u00e1ch n\u00e1rodn\u00edch federac\u00ed a&nbsp;asociac\u00ed, kter\u00e9 pokr\u00fdvaj\u00ed kontinenty od Asie, p\u0159es Ji\u017en\u00ed Ameriku, a\u017e po Evropu.<\/p>\t\t\t\t\t\t<\/div>\n\t\t\t\t<\/div>\n\t\t\t\t<div class=\"elementor-element elementor-element-704ab2d elementor-widget elementor-widget-text-editor\" data-id=\"704ab2d\" data-element_type=\"widget\" data-widget_type=\"text-editor.default\">\n\t\t\t\t<div class=\"elementor-widget-container\">\n\t\t\t\t\t\t\t<h4>Glob\u00e1ln\u00ed dosah<\/h4><p>O tom, \u017ee se softtenis roz\u0161i\u0159uje i&nbsp;mimo zemi sv\u00e9ho p\u016fvodu, sv\u011bd\u010d\u00ed zakl\u00e1d\u00e1n\u00ed n\u00e1rodn\u00edch federac\u00ed a&nbsp;asociac\u00ed po cel\u00e9m sv\u011bt\u011b. S&nbsp;rostouc\u00ed popularitou z\u00edsk\u00e1v\u00e1 softtenis uzn\u00e1n\u00ed na mezin\u00e1rodn\u00ed sc\u00e9n\u011b. Tato celosv\u011btov\u00e1 p\u0159ita\u017elivost podtrhuje potenci\u00e1l tohoto sportu pro dal\u0161\u00ed r\u016fst a&nbsp;rozvoj v&nbsp;nadch\u00e1zej\u00edc\u00edch letech. K&nbsp;roustouc\u00ed popularit\u011b tohoto sportu p\u0159isp\u00edv\u00e1 jeho inkluzivita a&nbsp;p\u0159\u00edstupnost, a&nbsp;tak jej mohou hr\u00e1t hr\u00e1\u010di v\u0161ech v\u011bkov\u00fdch kategori\u00ed, pohlav\u00ed a&nbsp;\u00farovn\u00ed dovednost\u00ed.<\/p>\t\t\t\t\t\t<\/div>\n\t\t\t\t<\/div>\n\t\t\t\t<div class=\"elementor-element elementor-element-2ac4fd7 elementor-widget elementor-widget-text-editor\" data-id=\"2ac4fd7\" data-element_type=\"widget\" data-widget_type=\"text-editor.default\">\n\t\t\t\t<div class=\"elementor-widget-container\">\n\t\t\t\t\t\t\t<h4>Inovace<\/h4><p>Nad\u0161enci v&nbsp;softtenisov\u00e9 komunit\u011b neust\u00e1le hledaj\u00ed cesty k&nbsp;inovac\u00edm a&nbsp;zlep\u0161en\u00edm v&nbsp;r\u00e1mci tohoto sportu. Od experimentov\u00e1n\u00ed s&nbsp;designem vybaven\u00ed a\u017e po zdokonalov\u00e1n\u00ed hern\u00edch technik se neust\u00e1le sna\u017e\u00ed zlep\u0161ovat z\u00e1\u017eitek ze softtenisu. Tato kultura inovac\u00ed podporuje kreativitu a&nbsp;zaji\u0161\u0165uje, \u017ee softtenis z\u016fst\u00e1v\u00e1 \u017eiv\u00fdm a&nbsp;rozv\u00edjej\u00edc\u00edm se sportem v&nbsp;celosv\u011btov\u00e9m sportovn\u00edm prost\u0159ed\u00ed. Krom\u011b toho je c\u00edlem prob\u00edhaj\u00edc\u00edho v\u00fdzkumu a&nbsp;v\u00fdvoje optimalizovat v\u00fdkony hr\u00e1\u010d\u016f a&nbsp;minimalizovat rizika zran\u011bn\u00ed, co\u017e podporuje dlouhodobou udr\u017eitelnost a&nbsp;p\u0159ita\u017elivost softtenisu pro budouc\u00ed generace.<\/p>\t\t\t\t\t\t<\/div>\n\t\t\t\t<\/div>\n\t\t\t\t<div class=\"elementor-element elementor-element-de3e6ea elementor-widget elementor-widget-heading\" data-id=\"de3e6ea\" data-element_type=\"widget\" data-widget_type=\"heading.default\">\n\t\t\t\t<div class=\"elementor-widget-container\">\n\t\t\t<h3 class=\"elementor-heading-title elementor-size-default\">Vybaven\u00ed<\/h3>\t\t<\/div>\n\t\t\t\t<\/div>\n\t\t\t\t<section class=\"elementor-section elementor-inner-section elementor-element elementor-element-e083640 elementor-section-full_width elementor-section-height-default elementor-section-height-default\" data-id=\"e083640\" data-element_type=\"section\">\n\t\t\t\t\t\t<div class=\"elementor-container elementor-column-gap-default\">\n\t\t\t\t\t<div class=\"elementor-column elementor-col-33 elementor-inner-column elementor-element elementor-element-7441d4c\" data-id=\"7441d4c\" data-element_type=\"column\" data-settings=\"{&quot;background_background&quot;:&quot;classic&quot;}\">\n\t\t\t<div class=\"elementor-widget-wrap elementor-element-populated\">\n\t\t\t\t\t\t<div class=\"elementor-element elementor-element-95f5b75 elementor-widget elementor-widget-heading\" data-id=\"95f5b75\" data-element_type=\"widget\" data-widget_type=\"heading.default\">\n\t\t\t\t<div class=\"elementor-widget-container\">\n\t\t\t<h4 class=\"elementor-heading-title elementor-size-default\">M\u00ed\u010dek<\/h4>\t\t<\/div>\n\t\t\t\t<\/div>\n\t\t\t\t<div class=\"elementor-element elementor-element-c40be25 elementor-widget elementor-widget-text-editor\" data-id=\"c40be25\" data-element_type=\"widget\" data-widget_type=\"text-editor.default\">\n\t\t\t\t<div class=\"elementor-widget-container\">\n\t\t\t\t\t\t\t<div class=\"text\"><div class=\"elementor-element elementor-element-87694f8 elementor-widget elementor-widget-text-editor\" data-id=\"87694f8\" data-element_type=\"widget\" data-widget_type=\"text-editor.default\"><div class=\"elementor-widget-container\"><div class=\"elementor-element elementor-element-4eb0710 elementor-widget elementor-widget-text-editor\" data-id=\"4eb0710\" data-element_type=\"widget\" data-widget_type=\"text-editor.default\"><div class=\"elementor-widget-container\"><p>\u00dast\u0159edn\u00edm prvkem softtenisu je jeho charakteristick\u00fd prvek &#8211; softtenisov\u00fd m\u00ed\u010dek. M\u00ed\u010dek obvykle v\u00e1\u017e\u00ed mezi 30 a&nbsp;31 gramy, a&nbsp;je tak v\u00fdrazn\u011b leh\u010d\u00ed ne\u017e b\u011b\u017en\u00fd tenisov\u00fd m\u00ed\u010dek, jeho\u017e hmotnost se pohybuje mezi 56 a&nbsp;59,4 gramy. Pr\u016fm\u011br softtenisov\u00e9ho m\u00ed\u010dku z\u016fst\u00e1v\u00e1 stejn\u00fd jako u&nbsp;standardn\u00edho tenisov\u00e9ho m\u00ed\u010dku. Ni\u017e\u0161\u00ed hmotnost p\u0159isp\u00edv\u00e1 k&nbsp;pomalej\u0161\u00ed trajektorii letu, co\u017e zvy\u0161uje hratelnost pro za\u010d\u00e1te\u010dn\u00edky, a&nbsp;poskytuje v\u00edce \u010dasu na strategick\u00e9 pl\u00e1nov\u00e1n\u00ed a&nbsp;proveden\u00ed \u00fader\u016f zku\u0161en\u00fdm hr\u00e1\u010d\u016fm. Men\u0161\u00ed v\u00e1ha se projevuje v\u00fdrazn\u011bj\u0161\u00ed zm\u011bnou dr\u00e1hy letu p\u0159i rotaci.<\/p><\/div><\/div><\/div><\/div><\/div>\t\t\t\t\t\t<\/div>\n\t\t\t\t<\/div>\n\t\t\t\t<div class=\"elementor-element elementor-element-8abc87b elementor-widget elementor-widget-image\" data-id=\"8abc87b\" data-element_type=\"widget\" data-widget_type=\"image.default\">\n\t\t\t\t<div class=\"elementor-widget-container\">\n\t\t\t<style>\/*! elementor - v3.20.0 - 20-03-2024 *\/\n.elementor-widget-image{text-align:center}.elementor-widget-image a{display:inline-block}.elementor-widget-image a img[src$=\".svg\"]{width:48px}.elementor-widget-image img{vertical-align:middle;display:inline-block}<\/style>\t\t\t\t\t\t\t\t\t\t<img fetchpriority=\"high\" decoding=\"async\" width=\"1018\" height=\"1024\" src=\"https:\/\/www.softtenis.cz\/wp-content\/uploads\/2024\/10\/micek.png\" class=\"attachment-large size-large wp-image-2152\" alt=\"\" \/>\t\t\t\t\t\t\t\t\t\t\t\t\t<\/div>\n\t\t\t\t<\/div>\n\t\t\t\t\t<\/div>\n\t\t<\/div>\n\t\t\t\t<div class=\"elementor-column elementor-col-33 elementor-inner-column elementor-element elementor-element-f6f063a\" data-id=\"f6f063a\" data-element_type=\"column\" data-settings=\"{&quot;background_background&quot;:&quot;classic&quot;}\">\n\t\t\t<div class=\"elementor-widget-wrap elementor-element-populated\">\n\t\t\t\t\t\t<div class=\"elementor-element elementor-element-91cc9f4 elementor-widget elementor-widget-heading\" data-id=\"91cc9f4\" data-element_type=\"widget\" data-widget_type=\"heading.default\">\n\t\t\t\t<div class=\"elementor-widget-container\">\n\t\t\t<h4 class=\"elementor-heading-title elementor-size-default\">Pumpi\u010dka<\/h4>\t\t<\/div>\n\t\t\t\t<\/div>\n\t\t\t\t<div class=\"elementor-element elementor-element-a41f5e6 elementor-widget elementor-widget-text-editor\" data-id=\"a41f5e6\" data-element_type=\"widget\" data-widget_type=\"text-editor.default\">\n\t\t\t\t<div class=\"elementor-widget-container\">\n\t\t\t\t\t\t\t<div class=\"text\"><div class=\"elementor-element elementor-element-413d0e9 elementor-widget elementor-widget-text-editor\" data-id=\"413d0e9\" data-element_type=\"widget\" data-widget_type=\"text-editor.default\"><div class=\"elementor-widget-container\"><div class=\"elementor-element elementor-element-d538447 elementor-widget elementor-widget-text-editor\" data-id=\"d538447\" data-element_type=\"widget\" data-widget_type=\"text-editor.default\"><div class=\"elementor-widget-container\"><p>Softtenis nab\u00edz\u00ed flexibilitu mo\u017enost\u00ed upravit nafouknut\u00ed m\u00ed\u010de, \u010d\u00edm\u017e pozm\u011bn\u00ed v\u00fd\u0161ku odskoku a&nbsp;\u017eivotaschopnost m\u00ed\u010de, umo\u017e\u0148uj\u00edc hr\u00e1\u010d\u016fm p\u0159izp\u016fsobit hru sv\u00e9mu pohodl\u00ed a&nbsp;hern\u00edmu stylu. Jeliko\u017e se softtenis p\u0159izp\u016fsobuje r\u016fzn\u00fdm podm\u00ednk\u00e1m a&nbsp;preferenc\u00edm hr\u00e1\u010d\u016f, zaji\u0161\u0165uje dynamick\u00fd a&nbsp;poutav\u00fd hern\u00ed z\u00e1\u017eitek pro v\u0161echny z\u00fa\u010dastn\u011bn\u00e9.<\/p><\/div><\/div><\/div><\/div><\/div>\t\t\t\t\t\t<\/div>\n\t\t\t\t<\/div>\n\t\t\t\t<div class=\"elementor-element elementor-element-b19a246 elementor-widget elementor-widget-image\" data-id=\"b19a246\" data-element_type=\"widget\" data-widget_type=\"image.default\">\n\t\t\t\t<div class=\"elementor-widget-container\">\n\t\t\t\t\t\t\t\t\t\t\t\t\t<img decoding=\"async\" width=\"895\" height=\"1024\" src=\"https:\/\/www.softtenis.cz\/wp-content\/uploads\/2024\/10\/pumpicka.png\" class=\"attachment-large size-large wp-image-2151\" alt=\"\" \/>\t\t\t\t\t\t\t\t\t\t\t\t\t<\/div>\n\t\t\t\t<\/div>\n\t\t\t\t\t<\/div>\n\t\t<\/div>\n\t\t\t\t<div class=\"elementor-column elementor-col-33 elementor-inner-column elementor-element elementor-element-57d17ff\" data-id=\"57d17ff\" data-element_type=\"column\" data-settings=\"{&quot;background_background&quot;:&quot;classic&quot;}\">\n\t\t\t<div class=\"elementor-widget-wrap elementor-element-populated\">\n\t\t\t\t\t\t<div class=\"elementor-element elementor-element-dcd0a70 elementor-widget elementor-widget-heading\" data-id=\"dcd0a70\" data-element_type=\"widget\" data-widget_type=\"heading.default\">\n\t\t\t\t<div class=\"elementor-widget-container\">\n\t\t\t<h4 class=\"elementor-heading-title elementor-size-default\">Raketa<\/h4>\t\t<\/div>\n\t\t\t\t<\/div>\n\t\t\t\t<div class=\"elementor-element elementor-element-8fac983 elementor-widget elementor-widget-text-editor\" data-id=\"8fac983\" data-element_type=\"widget\" data-widget_type=\"text-editor.default\">\n\t\t\t\t<div class=\"elementor-widget-container\">\n\t\t\t\t\t\t\t<div class=\"text\"><div class=\"elementor-element elementor-element-2fe4d86 elementor-widget elementor-widget-text-editor\" data-id=\"2fe4d86\" data-element_type=\"widget\" data-widget_type=\"text-editor.default\"><div class=\"elementor-widget-container\"><div class=\"elementor-element elementor-element-9a54cbc elementor-widget elementor-widget-text-editor\" data-id=\"9a54cbc\" data-element_type=\"widget\" data-widget_type=\"text-editor.default\"><div class=\"elementor-widget-container\"><p>Softtenis se vyzna\u010duje t\u00edm, \u017ee je ve srovn\u00e1n\u00ed s&nbsp;tradi\u010dn\u00edm tenisem \u0161etrn\u011bj\u0161\u00ed k&nbsp;t\u011blu. Kombinace leh\u010d\u00edho m\u00ed\u010dku a&nbsp;leh\u010d\u00ed rakety s&nbsp;voln\u011bj\u0161\u00edmi strunami sni\u017euje n\u00e1razy a&nbsp;je tak vhodn\u011bj\u0161\u00ed volbou pro lidi se sklony ke zran\u011bn\u00edm souvisej\u00edc\u00edm s&nbsp;tenisem. Tento fakt zvy\u0161uje p\u0159\u00edstupnost tohoto sportu, a&nbsp;d\u011bl\u00e1 jej tak vhodn\u00fdm pro hr\u00e1\u010de s&nbsp;r\u016fznou \u00farovn\u00ed kondice a&nbsp;fyzick\u00fdch schopnost\u00ed.<\/p><\/div><\/div><\/div><\/div><\/div>\t\t\t\t\t\t<\/div>\n\t\t\t\t<\/div>\n\t\t\t\t<div class=\"elementor-element elementor-element-09ff9f8 elementor-widget elementor-widget-image\" data-id=\"09ff9f8\" data-element_type=\"widget\" data-widget_type=\"image.default\">\n\t\t\t\t<div class=\"elementor-widget-container\">\n\t\t\t\t\t\t\t\t\t\t\t\t\t<img decoding=\"async\" width=\"458\" height=\"762\" src=\"https:\/\/www.softtenis.cz\/wp-content\/uploads\/2024\/10\/raketa.png\" class=\"attachment-large size-large wp-image-2156\" alt=\"\" \/>\t\t\t\t\t\t\t\t\t\t\t\t\t<\/div>\n\t\t\t\t<\/div>\n\t\t\t\t\t<\/div>\n\t\t<\/div>\n\t\t\t\t\t<\/div>\n\t\t<\/section>\n\t\t\t\t\t<\/div>\n\t\t<\/div>\n\t\t\t\t\t<\/div>\n\t\t<\/section>\n\t\t\t\t<\/div>\n\t\t","protected":false},"excerpt":{"rendered":"<p>Co je softtenis? Softtenis, sport s&nbsp;ko\u0159eny sahaj\u00edc\u00edmi a\u017e do roku 1884 v&nbsp;Japonsku, si d\u00edky sv\u00fdm jedine\u010dn\u00fdm vlastnostem a&nbsp;snadn\u00e9 dostupnosti st\u00e1le [&hellip;]<\/p>\n","protected":false},"author":1,"featured_media":0,"parent":0,"menu_order":0,"comment_status":"closed","ping_status":"closed","template":"","meta":{"site-sidebar-layout":"no-sidebar","site-content-layout":"","ast-site-content-layout":"full-width-container","site-content-style":"default","site-sidebar-style":"default","ast-global-header-display":"","ast-banner-title-visibility":"","ast-main-header-display":"","ast-hfb-above-header-display":"","ast-hfb-below-header-display":"","ast-hfb-mobile-header-display":"","site-post-title":"disabled","ast-breadcrumbs-content":"","ast-featured-img":"disabled","footer-sml-layout":"","theme-transparent-header-meta":"","adv-header-id-meta":"","stick-header-meta":"","header-above-stick-meta":"","header-main-stick-meta":"","header-below-stick-meta":"","astra-migrate-meta-layouts":"default","ast-page-background-enabled":"default","ast-page-background-meta":{"desktop":{"background-color":"var(--ast-global-color-4)","background-image":"","background-repeat":"repeat","background-position":"center center","background-size":"auto","background-attachment":"scroll","background-type":"","background-media":"","overlay-type":"","overlay-color":"","overlay-gradient":""},"tablet":{"background-color":"","background-image":"","background-repeat":"repeat","background-position":"center center","background-size":"auto","background-attachment":"scroll","background-type":"","background-media":"","overlay-type":"","overlay-color":"","overlay-gradient":""},"mobile":{"background-color":"","background-image":"","background-repeat":"repeat","background-position":"center center","background-size":"auto","background-attachment":"scroll","background-type":"","background-media":"","overlay-type":"","overlay-color":"","overlay-gradient":""}},"ast-content-background-meta":{"desktop":{"background-color":"var(--ast-global-color-5)","background-image":"","background-repeat":"repeat","background-position":"center center","background-size":"auto","background-attachment":"scroll","background-type":"","background-media":"","overlay-type":"","overlay-color":"","overlay-gradient":""},"tablet":{"background-color":"var(--ast-global-color-5)","background-image":"","background-repeat":"repeat","background-position":"center center","background-size":"auto","background-attachment":"scroll","background-type":"","background-media":"","overlay-type":"","overlay-color":"","overlay-gradient":""},"mobile":{"background-color":"var(--ast-global-color-5)","background-image":"","background-repeat":"repeat","background-position":"center center","background-size":"auto","background-attachment":"scroll","background-type":"","background-media":"","overlay-type":"","overlay-color":"","overlay-gradient":""}},"footnotes":""},"_links":{"self":[{"href":"https:\/\/www.softtenis.cz\/index.php\/wp-json\/wp\/v2\/pages\/55"}],"collection":[{"href":"https:\/\/www.softtenis.cz\/index.php\/wp-json\/wp\/v2\/pages"}],"about":[{"href":"https:\/\/www.softtenis.cz\/index.php\/wp-json\/wp\/v2\/types\/page"}],"author":[{"embeddable":true,"href":"https:\/\/www.softtenis.cz\/index.php\/wp-json\/wp\/v2\/users\/1"}],"replies":[{"embeddable":true,"href":"https:\/\/www.softtenis.cz\/index.php\/wp-json\/wp\/v2\/comments?post=55"}],"version-history":[{"count":151,"href":"https:\/\/www.softtenis.cz\/index.php\/wp-json\/wp\/v2\/pages\/55\/revisions"}],"predecessor-version":[{"id":2198,"href":"https:\/\/www.softtenis.cz\/index.php\/wp-json\/wp\/v2\/pages\/55\/revisions\/2198"}],"wp:attachment":[{"href":"https:\/\/www.softtenis.cz\/index.php\/wp-json\/wp\/v2\/media?parent=55"}],"curies":[{"name":"wp","href":"https:\/\/api.w.org\/{rel}","templated":true}]}}