{"id":26,"date":"2024-02-20T09:14:32","date_gmt":"2024-02-20T08:14:32","guid":{"rendered":"https:\/\/new.softtenis.cz\/?page_id=26"},"modified":"2026-03-30T18:14:06","modified_gmt":"2026-03-30T16:14:06","slug":"home","status":"publish","type":"page","link":"https:\/\/www.softtenis.cz\/","title":{"rendered":"Home"},"content":{"rendered":"\t\t<div data-elementor-type=\"wp-page\" data-elementor-id=\"26\" class=\"elementor elementor-26\">\n\t\t\t\t\t\t<section class=\"elementor-section elementor-top-section elementor-element elementor-element-122474b elementor-section-full_width elementor-section-height-full animated-slow elementor-section-height-default elementor-section-items-middle elementor-invisible\" data-id=\"122474b\" data-element_type=\"section\" data-settings=\"{&quot;background_background&quot;:&quot;classic&quot;,&quot;animation&quot;:&quot;fadeIn&quot;}\">\n\t\t\t\t\t\t\t<div class=\"elementor-background-overlay\"><\/div>\n\t\t\t\t\t\t\t<div class=\"elementor-container elementor-column-gap-default\">\n\t\t\t\t\t<div class=\"elementor-column elementor-col-100 elementor-top-column elementor-element elementor-element-3ccb196\" data-id=\"3ccb196\" data-element_type=\"column\" data-settings=\"{&quot;animation&quot;:&quot;none&quot;}\">\n\t\t\t<div class=\"elementor-widget-wrap elementor-element-populated\">\n\t\t\t\t\t\t<div class=\"elementor-element elementor-element-26a81c1 elementor-widget__width-inherit elementor-widget elementor-widget-heading\" data-id=\"26a81c1\" data-element_type=\"widget\" data-settings=\"{&quot;_animation&quot;:&quot;none&quot;}\" data-widget_type=\"heading.default\">\n\t\t\t\t<div class=\"elementor-widget-container\">\n\t\t\t<style>\/*! elementor - v3.20.0 - 20-03-2024 *\/\n.elementor-heading-title{padding:0;margin:0;line-height:1}.elementor-widget-heading .elementor-heading-title[class*=elementor-size-]>a{color:inherit;font-size:inherit;line-height:inherit}.elementor-widget-heading .elementor-heading-title.elementor-size-small{font-size:15px}.elementor-widget-heading .elementor-heading-title.elementor-size-medium{font-size:19px}.elementor-widget-heading .elementor-heading-title.elementor-size-large{font-size:29px}.elementor-widget-heading .elementor-heading-title.elementor-size-xl{font-size:39px}.elementor-widget-heading .elementor-heading-title.elementor-size-xxl{font-size:59px}<\/style><h1 class=\"elementor-heading-title elementor-size-default\">\u010cesk\u00fd softtenisov\u00fd svaz<\/h1>\t\t<\/div>\n\t\t\t\t<\/div>\n\t\t\t\t\t<\/div>\n\t\t<\/div>\n\t\t\t\t\t<\/div>\n\t\t<\/section>\n\t\t\t\t<section class=\"elementor-section elementor-top-section elementor-element elementor-element-e2744f1 animated-fast elementor-section-boxed elementor-section-height-default elementor-section-height-default elementor-invisible\" data-id=\"e2744f1\" data-element_type=\"section\" data-settings=\"{&quot;animation&quot;:&quot;fadeIn&quot;,&quot;animation_delay&quot;:0,&quot;background_background&quot;:&quot;classic&quot;}\">\n\t\t\t\t\t\t<div class=\"elementor-container elementor-column-gap-default\">\n\t\t\t\t\t<div class=\"elementor-column elementor-col-100 elementor-top-column elementor-element elementor-element-b9fdd43\" data-id=\"b9fdd43\" data-element_type=\"column\">\n\t\t\t<div class=\"elementor-widget-wrap elementor-element-populated\">\n\t\t\t\t\t\t<section class=\"elementor-section elementor-inner-section elementor-element elementor-element-1e74be8 elementor-section-full_width elementor-section-height-default elementor-section-height-default\" data-id=\"1e74be8\" data-element_type=\"section\" data-settings=\"{&quot;background_background&quot;:&quot;classic&quot;}\">\n\t\t\t\t\t\t<div class=\"elementor-container elementor-column-gap-default\">\n\t\t\t\t\t<div class=\"elementor-column elementor-col-100 elementor-inner-column elementor-element elementor-element-241a390\" data-id=\"241a390\" data-element_type=\"column\">\n\t\t\t<div class=\"elementor-widget-wrap elementor-element-populated\">\n\t\t\t\t\t\t<div class=\"elementor-element elementor-element-b800b90 elementor-widget elementor-widget-text-editor\" data-id=\"b800b90\" data-element_type=\"widget\" data-widget_type=\"text-editor.default\">\n\t\t\t\t<div class=\"elementor-widget-container\">\n\t\t\t<style>\/*! elementor - v3.20.0 - 20-03-2024 *\/\n.elementor-widget-text-editor.elementor-drop-cap-view-stacked .elementor-drop-cap{background-color:#69727d;color:#fff}.elementor-widget-text-editor.elementor-drop-cap-view-framed .elementor-drop-cap{color:#69727d;border:3px solid;background-color:transparent}.elementor-widget-text-editor:not(.elementor-drop-cap-view-default) .elementor-drop-cap{margin-top:8px}.elementor-widget-text-editor:not(.elementor-drop-cap-view-default) .elementor-drop-cap-letter{width:1em;height:1em}.elementor-widget-text-editor .elementor-drop-cap{float:left;text-align:center;line-height:1;font-size:50px}.elementor-widget-text-editor .elementor-drop-cap-letter{display:inline-block}<\/style>\t\t\t\t<h4>Velikono\u010dn\u00ed turnaj<\/h4><h4>11.&nbsp;04.&nbsp;2026 =\u00a0\u00a0<span style=\"font-size: 1.25rem;\">tenisov\u00e9 kurty TK Hav\u00ed\u0159ov na \u0160umbarku<\/span><\/h4><p dir=\"ltr\">V sobotu 11.&nbsp;4.&nbsp;se v&nbsp;arealu TK Hav\u00ed\u0159ov uskute\u010dn\u00ed Velikono\u010dn\u00ed turnaj. Junio\u0159i sraz 8:00, ostatn\u00ed 9:00.<\/p><p dir=\"ltr\">Hr\u00e1t se bude v&nbsp;hal\u00e1ch na pevn\u00e9m povrchu, \u010distou obuv s&nbsp;sebou.<\/p><p>P\u0159ihl\u00e1sit se m\u016f\u017eete na mailov\u00e9 adrese <a href=\"mailto:roman.fojtik@softtenis.cz\" target=\"_blank\" rel=\"noopener\">roman.fojtik@softtenis.cz<\/a> nebo telefonn\u00edm \u010d\u00edsle 773&nbsp;641&nbsp;524.<\/p>\t\t\t\t\t\t<\/div>\n\t\t\t\t<\/div>\n\t\t\t\t<div class=\"elementor-element elementor-element-e884b2e elementor-widget elementor-widget-google_maps\" data-id=\"e884b2e\" data-element_type=\"widget\" data-widget_type=\"google_maps.default\">\n\t\t\t\t<div class=\"elementor-widget-container\">\n\t\t\t<style>\/*! elementor - v3.20.0 - 20-03-2024 *\/\n.elementor-widget-google_maps .elementor-widget-container{overflow:hidden}.elementor-widget-google_maps .elementor-custom-embed{line-height:0}.elementor-widget-google_maps iframe{height:300px}<\/style>\t\t<div class=\"elementor-custom-embed\">\n\t\t\t<iframe loading=\"lazy\"\n\t\t\t\t\tsrc=\"https:\/\/maps.google.com\/maps?q=Tenisov%C3%BD%20klub%20Hav%C3%AD%C5%99ov&#038;t=m&#038;z=10&#038;output=embed&#038;iwloc=near\"\n\t\t\t\t\ttitle=\"Tenisov\u00fd klub Hav\u00ed\u0159ov\"\n\t\t\t\t\taria-label=\"Tenisov\u00fd klub Hav\u00ed\u0159ov\"\n\t\t\t><\/iframe>\n\t\t<\/div>\n\t\t\t\t<\/div>\n\t\t\t\t<\/div>\n\t\t\t\t\t<\/div>\n\t\t<\/div>\n\t\t\t\t\t<\/div>\n\t\t<\/section>\n\t\t\t\t\t<\/div>\n\t\t<\/div>\n\t\t\t\t\t<\/div>\n\t\t<\/section>\n\t\t<div class=\"elementor-element elementor-element-a2e8011 animated-fast e-flex e-con-boxed elementor-invisible e-con e-parent\" data-id=\"a2e8011\" data-element_type=\"container\" data-settings=\"{&quot;animation&quot;:&quot;fadeIn&quot;}\" data-core-v316-plus=\"true\">\n\t\t\t\t\t<div class=\"e-con-inner\">\n\t\t\t\t<div class=\"elementor-element elementor-element-5d4eaba elementor-widget elementor-widget-text-editor\" data-id=\"5d4eaba\" data-element_type=\"widget\" data-widget_type=\"text-editor.default\">\n\t\t\t\t<div class=\"elementor-widget-container\">\n\t\t\t\t\t\t\t<h4>P\u0159edb\u011b\u017en\u00fd kalend\u00e1\u0159 \u010desk\u00fdch turnaj\u016f pro rok 2026<\/h4>\n<p>10.01.2026&nbsp; &nbsp; Novoro\u010dn\u00ed turnaj &#8211; Hav\u00ed\u0159ov (II. t\u0159\u00edda)<\/p>\n<p>14.03.2026&nbsp; &nbsp; The First Czech Soft Tennis Indoor &#8211; Praha (II. t\u0159\u00edda)<\/p>\n<p>11.04.2026<span style=\"font-size: 1rem;\">&nbsp; &nbsp;<\/span><span style=\"font-size: 1rem;\">&nbsp;Velikono\u010dn\u00ed turnaj &#8211; Hav\u00ed\u0159ov (<\/span><span style=\"font-size: 1rem;\">II. t\u0159\u00edda<\/span><span style=\"font-size: 1rem; font-style: inherit; font-weight: inherit;\">)<\/span><\/p>\n<p>Z\u00e1\u0159\u00ed 2026&nbsp; &nbsp; &nbsp; &nbsp; \u017di\u017ekovsk\u00e9 pink\u00e1n\u00ed &#8211; \u010cesk\u00e9 Bud\u011bjovice (II. t\u0159\u00edda)<\/p>\n<p>10.10.2026&nbsp; &nbsp; 17. Mistrovstv\u00ed \u010cesk\u00e9 Republiky v&nbsp;softtenise &#8211; Hav\u00ed\u0159ov (I. t\u0159\u00edda)<\/p>\t\t\t\t\t\t<\/div>\n\t\t\t\t<\/div>\n\t\t\t\t\t<\/div>\n\t\t\t\t<\/div>\n\t\t<div class=\"elementor-element elementor-element-d113a85 animated-fast e-flex e-con-boxed elementor-invisible e-con e-parent\" data-id=\"d113a85\" data-element_type=\"container\" data-settings=\"{&quot;animation&quot;:&quot;fadeIn&quot;}\" data-core-v316-plus=\"true\">\n\t\t\t\t\t<div class=\"e-con-inner\">\n\t\t\t\t<div class=\"elementor-element elementor-element-63132ee elementor-widget elementor-widget-text-editor\" data-id=\"63132ee\" data-element_type=\"widget\" data-widget_type=\"text-editor.default\">\n\t\t\t\t<div class=\"elementor-widget-container\">\n\t\t\t\t\t\t\t<h4>P\u0159edb\u011b\u017en\u00fd kalend\u00e1\u0159 mezin\u00e1rodn\u00edch turnaj\u016f pro rok 2026<\/h4><p>03.07. &#8211; 05.07.2026\u00a0 \u00a0 The 19th POLAND CUP International Soft Tennis Tournament, Ksi\u0105\u017cenice, Polsko<\/p><p>10.07. &#8211; 14.07.2026\u00a0 \u00a0 1st European and American Championship Brazil, Sao Paulo, Braz\u00edlie<\/p><p>08.08. &#8211; 11.08.2026\u00a0 \u00a0 International High School Championship Japan, Kj\u00f3to, Japonsko<\/p><p>21.08. &#8211; 23.08.2026\u00a0 \u00a0 18th European Soft Tennis Championships, Hav\u00ed\u0159ov, \u010cesk\u00e1 Republika<\/p><p>Listopad 2026\u00a0 \u00a0 \u00a0 \u00a0 \u00a0 \u00a0 \u00a0Mistrovstv\u00ed sv\u011bta junior\u016f do 21 let v&nbsp;\u010c\u00edn\u011b, Wuchan, \u010c\u00edna<\/p>\t\t\t\t\t\t<\/div>\n\t\t\t\t<\/div>\n\t\t\t\t\t<\/div>\n\t\t\t\t<\/div>\n\t\t\t\t<section class=\"elementor-section elementor-top-section elementor-element elementor-element-a10c482 animated-fast elementor-section-boxed elementor-section-height-default elementor-section-height-default elementor-invisible\" data-id=\"a10c482\" data-element_type=\"section\" data-settings=\"{&quot;background_background&quot;:&quot;classic&quot;,&quot;animation&quot;:&quot;fadeIn&quot;}\">\n\t\t\t\t\t\t<div class=\"elementor-container elementor-column-gap-default\">\n\t\t\t\t\t<div class=\"elementor-column elementor-col-100 elementor-top-column elementor-element elementor-element-28d9dc1\" data-id=\"28d9dc1\" data-element_type=\"column\" data-settings=\"{&quot;background_background&quot;:&quot;classic&quot;}\">\n\t\t\t<div class=\"elementor-widget-wrap elementor-element-populated\">\n\t\t\t\t\t\t<section class=\"elementor-section elementor-inner-section elementor-element elementor-element-8b9521d elementor-section-boxed elementor-section-height-default elementor-section-height-default\" data-id=\"8b9521d\" data-element_type=\"section\" data-settings=\"{&quot;background_background&quot;:&quot;classic&quot;}\">\n\t\t\t\t\t\t<div class=\"elementor-container elementor-column-gap-default\">\n\t\t\t\t\t<div class=\"elementor-column elementor-col-100 elementor-inner-column elementor-element elementor-element-6fbd5fd\" data-id=\"6fbd5fd\" data-element_type=\"column\">\n\t\t\t<div class=\"elementor-widget-wrap elementor-element-populated\">\n\t\t\t\t\t\t<div class=\"elementor-element elementor-element-d8cd088 elementor-widget elementor-widget-text-editor\" data-id=\"d8cd088\" data-element_type=\"widget\" data-widget_type=\"text-editor.default\">\n\t\t\t\t<div class=\"elementor-widget-container\">\n\t\t\t\t\t\t\t<h4>Softtenis m\u00ed\u0159\u00ed do It\u00e1lie: \u00dasp\u011b\u0161n\u00e1 promo akce p\u0159il\u00e1kala nov\u00e9 hr\u00e1\u010de<\/h4>\t\t\t\t\t\t<\/div>\n\t\t\t\t<\/div>\n\t\t\t\t<div class=\"elementor-element elementor-element-91aeff6 elementor-widget elementor-widget-text-editor\" data-id=\"91aeff6\" data-element_type=\"widget\" data-widget_type=\"text-editor.default\">\n\t\t\t\t<div class=\"elementor-widget-container\">\n\t\t\t\t\t\t\t<p><a href=\"https:\/\/www.softtennis-mag.com\/20250731-42021\">\u010cl\u00e1nek softtenis-mag<\/a><\/p>\t\t\t\t\t\t<\/div>\n\t\t\t\t<\/div>\n\t\t\t\t<div class=\"elementor-element elementor-element-79c7a15 elementor-widget elementor-widget-text-editor\" data-id=\"79c7a15\" data-element_type=\"widget\" data-widget_type=\"text-editor.default\">\n\t\t\t\t<div class=\"elementor-widget-container\">\n\t\t\t\t\t\t\t<p>Na konci \u010dervence prob\u011bhla v&nbsp;italsk\u00e9m regionu nedaleko Ben\u00e1tek promo akce softtenisu, kterou uspo\u0159\u00e1dal \u010cesk\u00fd softtenisov\u00fd svaz ve spolupr\u00e1ci s&nbsp;Mezin\u00e1rodn\u00ed softtenisovou federac\u00ed. Akce p\u0159il\u00e1kala t\u00e9m\u011b\u0159 30 \u00fa\u010dastn\u00edk\u016f v\u0161ech v\u011bkov\u00fdch kategori\u00ed a&nbsp;m\u011bla za c\u00edl znovu vzbudit z\u00e1jem o&nbsp;tento sport v&nbsp;It\u00e1lii. Prvn\u00ed v\u00fdsledky na sebe nenechaly dlouho \u010dekat \u2013 p\u011bt hr\u00e1\u010d\u016f se ji\u017e p\u0159ihl\u00e1silo na Mistrovstv\u00ed Evropy 2025 v&nbsp;Hav\u00ed\u0159ov\u011b. Z\u00e1rove\u0148 se pl\u00e1nuje italsk\u00fd turnaj u\u017e na z\u00e1\u0159\u00ed 2025 a&nbsp;mezin\u00e1rodn\u00ed sout\u011b\u017e v&nbsp;roce 2026.<\/p>\t\t\t\t\t\t<\/div>\n\t\t\t\t<\/div>\n\t\t\t\t<div class=\"elementor-element elementor-element-375a4d8 gallery-spacing-custom elementor-widget elementor-widget-image-gallery\" data-id=\"375a4d8\" data-element_type=\"widget\" data-widget_type=\"image-gallery.default\">\n\t\t\t\t<div class=\"elementor-widget-container\">\n\t\t\t<style>\/*! elementor - v3.20.0 - 20-03-2024 *\/\n.elementor-image-gallery .gallery-item{display:inline-block;text-align:center;vertical-align:top;width:100%;max-width:100%;margin:0 auto}.elementor-image-gallery .gallery-item img{margin:0 auto}.elementor-image-gallery .gallery-item .gallery-caption{margin:0}.elementor-image-gallery figure img{display:block}.elementor-image-gallery figure figcaption{width:100%}.gallery-spacing-custom .elementor-image-gallery .gallery-icon{padding:0}@media (min-width:768px){.elementor-image-gallery .gallery-columns-2 .gallery-item{max-width:50%}.elementor-image-gallery .gallery-columns-3 .gallery-item{max-width:33.33%}.elementor-image-gallery .gallery-columns-4 .gallery-item{max-width:25%}.elementor-image-gallery .gallery-columns-5 .gallery-item{max-width:20%}.elementor-image-gallery .gallery-columns-6 .gallery-item{max-width:16.666%}.elementor-image-gallery .gallery-columns-7 .gallery-item{max-width:14.28%}.elementor-image-gallery .gallery-columns-8 .gallery-item{max-width:12.5%}.elementor-image-gallery .gallery-columns-9 .gallery-item{max-width:11.11%}.elementor-image-gallery .gallery-columns-10 .gallery-item{max-width:10%}}@media (min-width:480px) and (max-width:767px){.elementor-image-gallery .gallery.gallery-columns-2 .gallery-item,.elementor-image-gallery .gallery.gallery-columns-3 .gallery-item,.elementor-image-gallery .gallery.gallery-columns-4 .gallery-item,.elementor-image-gallery .gallery.gallery-columns-5 .gallery-item,.elementor-image-gallery .gallery.gallery-columns-6 .gallery-item,.elementor-image-gallery .gallery.gallery-columns-7 .gallery-item,.elementor-image-gallery .gallery.gallery-columns-8 .gallery-item,.elementor-image-gallery .gallery.gallery-columns-9 .gallery-item,.elementor-image-gallery .gallery.gallery-columns-10 .gallery-item{max-width:50%}}@media (max-width:479px){.elementor-image-gallery .gallery.gallery-columns-2 .gallery-item,.elementor-image-gallery .gallery.gallery-columns-3 .gallery-item,.elementor-image-gallery .gallery.gallery-columns-4 .gallery-item,.elementor-image-gallery .gallery.gallery-columns-5 .gallery-item,.elementor-image-gallery .gallery.gallery-columns-6 .gallery-item,.elementor-image-gallery .gallery.gallery-columns-7 .gallery-item,.elementor-image-gallery .gallery.gallery-columns-8 .gallery-item,.elementor-image-gallery .gallery.gallery-columns-9 .gallery-item,.elementor-image-gallery .gallery.gallery-columns-10 .gallery-item{max-width:100%}}<\/style>\t\t<div class=\"elementor-image-gallery\">\n\t\t\t<div id='gallery-1' class='gallery galleryid-26 gallery-columns-6 gallery-size-medium'><figure class='gallery-item'>\n\t\t\t<div class='gallery-icon landscape'>\n\t\t\t\t<a data-elementor-open-lightbox=\"yes\" data-elementor-lightbox-slideshow=\"375a4d8\" data-elementor-lightbox-title=\"001_\" data-e-action-hash=\"#elementor-action%3Aaction%3Dlightbox%26settings%3DeyJpZCI6MjQ4OCwidXJsIjoiaHR0cHM6XC9cL3d3dy5zb2Z0dGVuaXMuY3pcL3dwLWNvbnRlbnRcL3VwbG9hZHNcLzIwMjVcLzA4XC8wMDFfLmpwZyIsInNsaWRlc2hvdyI6IjM3NWE0ZDgifQ%3D%3D\" href='https:\/\/www.softtenis.cz\/wp-content\/uploads\/2025\/08\/001_.jpg'><img fetchpriority=\"high\" decoding=\"async\" width=\"300\" height=\"182\" src=\"https:\/\/www.softtenis.cz\/wp-content\/uploads\/2025\/08\/001_.jpg\" class=\"attachment-medium size-medium\" alt=\"\" \/><\/a>\n\t\t\t<\/div><\/figure><figure class='gallery-item'>\n\t\t\t<div class='gallery-icon landscape'>\n\t\t\t\t<a data-elementor-open-lightbox=\"yes\" data-elementor-lightbox-slideshow=\"375a4d8\" data-elementor-lightbox-title=\"005-2\" data-e-action-hash=\"#elementor-action%3Aaction%3Dlightbox%26settings%3DeyJpZCI6MjQ4NiwidXJsIjoiaHR0cHM6XC9cL3d3dy5zb2Z0dGVuaXMuY3pcL3dwLWNvbnRlbnRcL3VwbG9hZHNcLzIwMjVcLzA4XC8wMDUtMi5qcGciLCJzbGlkZXNob3ciOiIzNzVhNGQ4In0%3D\" href='https:\/\/www.softtenis.cz\/wp-content\/uploads\/2025\/08\/005-2.jpg'><img decoding=\"async\" width=\"300\" height=\"182\" src=\"https:\/\/www.softtenis.cz\/wp-content\/uploads\/2025\/08\/005-2.jpg\" class=\"attachment-medium size-medium\" alt=\"\" \/><\/a>\n\t\t\t<\/div><\/figure><figure class='gallery-item'>\n\t\t\t<div class='gallery-icon landscape'>\n\t\t\t\t<a data-elementor-open-lightbox=\"yes\" data-elementor-lightbox-slideshow=\"375a4d8\" data-elementor-lightbox-title=\"003-2\" data-e-action-hash=\"#elementor-action%3Aaction%3Dlightbox%26settings%3DeyJpZCI6MjQ4NSwidXJsIjoiaHR0cHM6XC9cL3d3dy5zb2Z0dGVuaXMuY3pcL3dwLWNvbnRlbnRcL3VwbG9hZHNcLzIwMjVcLzA4XC8wMDMtMi5qcGciLCJzbGlkZXNob3ciOiIzNzVhNGQ4In0%3D\" href='https:\/\/www.softtenis.cz\/wp-content\/uploads\/2025\/08\/003-2.jpg'><img decoding=\"async\" width=\"300\" height=\"182\" src=\"https:\/\/www.softtenis.cz\/wp-content\/uploads\/2025\/08\/003-2.jpg\" class=\"attachment-medium size-medium\" alt=\"\" \/><\/a>\n\t\t\t<\/div><\/figure><figure class='gallery-item'>\n\t\t\t<div class='gallery-icon landscape'>\n\t\t\t\t<a data-elementor-open-lightbox=\"yes\" data-elementor-lightbox-slideshow=\"375a4d8\" data-elementor-lightbox-title=\"009-2\" data-e-action-hash=\"#elementor-action%3Aaction%3Dlightbox%26settings%3DeyJpZCI6MjQ4NywidXJsIjoiaHR0cHM6XC9cL3d3dy5zb2Z0dGVuaXMuY3pcL3dwLWNvbnRlbnRcL3VwbG9hZHNcLzIwMjVcLzA4XC8wMDktMi5qcGciLCJzbGlkZXNob3ciOiIzNzVhNGQ4In0%3D\" href='https:\/\/www.softtenis.cz\/wp-content\/uploads\/2025\/08\/009-2.jpg'><img loading=\"lazy\" decoding=\"async\" width=\"300\" height=\"182\" src=\"https:\/\/www.softtenis.cz\/wp-content\/uploads\/2025\/08\/009-2.jpg\" class=\"attachment-medium size-medium\" alt=\"\" \/><\/a>\n\t\t\t<\/div><\/figure><figure class='gallery-item'>\n\t\t\t<div class='gallery-icon landscape'>\n\t\t\t\t<a data-elementor-open-lightbox=\"yes\" data-elementor-lightbox-slideshow=\"375a4d8\" data-elementor-lightbox-title=\"004-2\" data-e-action-hash=\"#elementor-action%3Aaction%3Dlightbox%26settings%3DeyJpZCI6MjQ4NCwidXJsIjoiaHR0cHM6XC9cL3d3dy5zb2Z0dGVuaXMuY3pcL3dwLWNvbnRlbnRcL3VwbG9hZHNcLzIwMjVcLzA4XC8wMDQtMi5qcGciLCJzbGlkZXNob3ciOiIzNzVhNGQ4In0%3D\" href='https:\/\/www.softtenis.cz\/wp-content\/uploads\/2025\/08\/004-2.jpg'><img loading=\"lazy\" decoding=\"async\" width=\"300\" height=\"182\" src=\"https:\/\/www.softtenis.cz\/wp-content\/uploads\/2025\/08\/004-2.jpg\" class=\"attachment-medium size-medium\" alt=\"\" \/><\/a>\n\t\t\t<\/div><\/figure><figure class='gallery-item'>\n\t\t\t<div class='gallery-icon landscape'>\n\t\t\t\t<a data-elementor-open-lightbox=\"yes\" data-elementor-lightbox-slideshow=\"375a4d8\" data-elementor-lightbox-title=\"006-2\" data-e-action-hash=\"#elementor-action%3Aaction%3Dlightbox%26settings%3DeyJpZCI6MjQ4MiwidXJsIjoiaHR0cHM6XC9cL3d3dy5zb2Z0dGVuaXMuY3pcL3dwLWNvbnRlbnRcL3VwbG9hZHNcLzIwMjVcLzA4XC8wMDYtMi5qcGciLCJzbGlkZXNob3ciOiIzNzVhNGQ4In0%3D\" href='https:\/\/www.softtenis.cz\/wp-content\/uploads\/2025\/08\/006-2.jpg'><img loading=\"lazy\" decoding=\"async\" width=\"300\" height=\"182\" src=\"https:\/\/www.softtenis.cz\/wp-content\/uploads\/2025\/08\/006-2.jpg\" class=\"attachment-medium size-medium\" alt=\"\" \/><\/a>\n\t\t\t<\/div><\/figure>\n\t\t<\/div>\n\t\t<\/div>\n\t\t\t\t<\/div>\n\t\t\t\t<\/div>\n\t\t\t\t\t<\/div>\n\t\t<\/div>\n\t\t\t\t\t<\/div>\n\t\t<\/section>\n\t\t\t\t\t<\/div>\n\t\t<\/div>\n\t\t\t\t\t<\/div>\n\t\t<\/section>\n\t\t<div class=\"elementor-element elementor-element-f8b5769 animated-fast e-flex e-con-boxed elementor-invisible e-con e-parent\" data-id=\"f8b5769\" data-element_type=\"container\" data-settings=\"{&quot;animation&quot;:&quot;fadeIn&quot;}\" data-core-v316-plus=\"true\">\n\t\t\t\t\t<div class=\"e-con-inner\">\n\t\t\t\t<div class=\"elementor-element elementor-element-17926da elementor-widget elementor-widget-text-editor\" data-id=\"17926da\" data-element_type=\"widget\" data-widget_type=\"text-editor.default\">\n\t\t\t\t<div class=\"elementor-widget-container\">\n\t\t\t\t\t\t\t<h4>Kalend\u00e1\u0159 \u010desk\u00fdch turnaj\u016f pro rok 2025<\/h4><p>18.01.2025\u00a0 \u00a0 Novoro\u010dn\u00ed turnaj &#8211; Hav\u00ed\u0159ov (II. t\u0159\u00edda)<\/p><p>15.03.2025\u00a0 \u00a0 The First Czech Soft Tennis Indoor &#8211; Praha (II. t\u0159\u00edda)<\/p><p>06.09.2025\u00a0 \u00a0 \u017di\u017ekovsk\u00e9 pink\u00e1n\u00ed &#8211; \u010cesk\u00e9 Bud\u011bjovice (II. t\u0159\u00edda)<\/p><p>11.10.2025\u00a0 \u00a0 16. Mistrovstv\u00ed \u010cesk\u00e9 Republiky v&nbsp;softtenise &#8211; Hav\u00ed\u0159ov (I. t\u0159\u00edda)<\/p>\t\t\t\t\t\t<\/div>\n\t\t\t\t<\/div>\n\t\t\t\t\t<\/div>\n\t\t\t\t<\/div>\n\t\t<div class=\"elementor-element elementor-element-69f174b animated-fast e-flex e-con-boxed elementor-invisible e-con e-parent\" data-id=\"69f174b\" data-element_type=\"container\" data-settings=\"{&quot;animation&quot;:&quot;fadeIn&quot;}\" data-core-v316-plus=\"true\">\n\t\t\t\t\t<div class=\"e-con-inner\">\n\t\t\t\t<div class=\"elementor-element elementor-element-aa0a0aa elementor-widget elementor-widget-text-editor\" data-id=\"aa0a0aa\" data-element_type=\"widget\" data-widget_type=\"text-editor.default\">\n\t\t\t\t<div class=\"elementor-widget-container\">\n\t\t\t\t\t\t\t<h4>Kalend\u00e1\u0159 mezin\u00e1rodn\u00edch turnaj\u016f pro rok 2025<\/h4><p>16.03. &#8211; 22.03.2025\u00a0 \u00a0 2nd India International Soft Tennis Championship (Uttar Pradesh, Indie)<\/p><p>16.06. &#8211; 23.06.2025\u00a0 \u00a0 Nonghyup Bank Incheon Korea Cup Soft Tennis Tournament (Incheon, Korea)<\/p><p>23.06. &#8211; 01.07.2025\u00a0 \u00a0 Sunchang Open Soft Tennis Tournament (Sunchang, Korea)<\/p><p>04.07. &#8211; 06.07.2025\u00a0 \u00a0 The 18th POLAND CUP International Soft Tennis Tournament, Ksi\u0105\u017cenice, Polsko<\/p><p>15.08. &#8211; 17.08.2025\u00a0 \u00a0 17th European Soft Tennis Championships, Hav\u00ed\u0159ov, \u010cesk\u00e1 Republika<\/p>\t\t\t\t\t\t<\/div>\n\t\t\t\t<\/div>\n\t\t\t\t\t<\/div>\n\t\t\t\t<\/div>\n\t\t\t\t<\/div>\n\t\t","protected":false},"excerpt":{"rendered":"<p>\u010cesk\u00fd softtenisov\u00fd svaz Velikono\u010dn\u00ed turnaj 11.&nbsp;04.&nbsp;2026 =\u00a0\u00a0tenisov\u00e9 kurty TK Hav\u00ed\u0159ov na \u0160umbarku V&nbsp;sobotu 11.&nbsp;4.&nbsp;se v&nbsp;arealu TK Hav\u00ed\u0159ov uskute\u010dn\u00ed Velikono\u010dn\u00ed [&hellip;]<\/p>\n","protected":false},"author":1,"featured_media":0,"parent":0,"menu_order":0,"comment_status":"closed","ping_status":"closed","template":"","meta":{"site-sidebar-layout":"no-sidebar","site-content-layout":"","ast-site-content-layout":"full-width-container","site-content-style":"default","site-sidebar-style":"default","ast-global-header-display":"","ast-banner-title-visibility":"","ast-main-header-display":"","ast-hfb-above-header-display":"","ast-hfb-below-header-display":"","ast-hfb-mobile-header-display":"","site-post-title":"disabled","ast-breadcrumbs-content":"","ast-featured-img":"disabled","footer-sml-layout":"","theme-transparent-header-meta":"","adv-header-id-meta":"","stick-header-meta":"","header-above-stick-meta":"","header-main-stick-meta":"","header-below-stick-meta":"","astra-migrate-meta-layouts":"default","ast-page-background-enabled":"default","ast-page-background-meta":{"desktop":{"background-color":"var(--ast-global-color-4)","background-image":"","background-repeat":"repeat","background-position":"center center","background-size":"auto","background-attachment":"scroll","background-type":"","background-media":"","overlay-type":"","overlay-color":"","overlay-gradient":""},"tablet":{"background-color":"","background-image":"","background-repeat":"repeat","background-position":"center center","background-size":"auto","background-attachment":"scroll","background-type":"","background-media":"","overlay-type":"","overlay-color":"","overlay-gradient":""},"mobile":{"background-color":"","background-image":"","background-repeat":"repeat","background-position":"center center","background-size":"auto","background-attachment":"scroll","background-type":"","background-media":"","overlay-type":"","overlay-color":"","overlay-gradient":""}},"ast-content-background-meta":{"desktop":{"background-color":"var(--ast-global-color-5)","background-image":"","background-repeat":"repeat","background-position":"center center","background-size":"auto","background-attachment":"scroll","background-type":"","background-media":"","overlay-type":"","overlay-color":"","overlay-gradient":""},"tablet":{"background-color":"var(--ast-global-color-5)","background-image":"","background-repeat":"repeat","background-position":"center center","background-size":"auto","background-attachment":"scroll","background-type":"","background-media":"","overlay-type":"","overlay-color":"","overlay-gradient":""},"mobile":{"background-color":"var(--ast-global-color-5)","background-image":"","background-repeat":"repeat","background-position":"center center","background-size":"auto","background-attachment":"scroll","background-type":"","background-media":"","overlay-type":"","overlay-color":"","overlay-gradient":""}},"footnotes":""},"_links":{"self":[{"href":"https:\/\/www.softtenis.cz\/index.php\/wp-json\/wp\/v2\/pages\/26"}],"collection":[{"href":"https:\/\/www.softtenis.cz\/index.php\/wp-json\/wp\/v2\/pages"}],"about":[{"href":"https:\/\/www.softtenis.cz\/index.php\/wp-json\/wp\/v2\/types\/page"}],"author":[{"embeddable":true,"href":"https:\/\/www.softtenis.cz\/index.php\/wp-json\/wp\/v2\/users\/1"}],"replies":[{"embeddable":true,"href":"https:\/\/www.softtenis.cz\/index.php\/wp-json\/wp\/v2\/comments?post=26"}],"version-history":[{"count":217,"href":"https:\/\/www.softtenis.cz\/index.php\/wp-json\/wp\/v2\/pages\/26\/revisions"}],"predecessor-version":[{"id":2820,"href":"https:\/\/www.softtenis.cz\/index.php\/wp-json\/wp\/v2\/pages\/26\/revisions\/2820"}],"wp:attachment":[{"href":"https:\/\/www.softtenis.cz\/index.php\/wp-json\/wp\/v2\/media?parent=26"}],"curies":[{"name":"wp","href":"https:\/\/api.w.org\/{rel}","templated":true}]}}